{"id":13,"date":"2013-03-02T20:49:33","date_gmt":"2013-03-02T19:49:33","guid":{"rendered":"http:\/\/neu.kichor-zogenweiler.de\/?page_id=13"},"modified":"2014-10-27T23:06:50","modified_gmt":"2014-10-27T22:06:50","slug":"geschichte","status":"publish","type":"page","link":"https:\/\/kichor-zogenweiler.de\/?page_id=13","title":{"rendered":"Geschichte"},"content":{"rendered":"<p>Der Kirchenchor Zogenweiler wird im Jahre 1832 zum ersten mal schriftlich erw\u00e4hnt. Unter der Leitung von Lehrer Heber (1907 &#8211; 1919) sind folgende S\u00e4nger erstmalig aufgef\u00fchrt: Konrad Dreher, Anton Bucher, Josef Bertel, Wendelin Walser, Kirchenpfleger Reis, Richard Geng, Johannes Allgaier, Theresia Hegner, Luise Bucher, Elisabeth Krug, Maria F\u00e4\u00dfler, Marie Ries, Marie Bucher, Kreszens Wiggenhauser, Rosa Bucher und Elisabeth Walser.<br \/>\nFolgende &#8222;Organisten und Chordirigenten&#8220; sind bis heute noch namentlich bekannt:<\/p>\n<table width=\"84%\" border=\"1\" cellspacing=\"0\" cellpadding=\"1\" align=\"center\">\n<tbody>\n<tr>\n<td width=\"220\">vor 1907<\/td>\n<td width=\"487\">Oechsle, Wei\u00df, Winter<\/td>\n<\/tr>\n<tr>\n<td>1907 &#8211; 01.12.1919<\/td>\n<td>Lehrer Heber<\/td>\n<\/tr>\n<tr>\n<td>01.12.1919 &#8211; 1930<\/td>\n<td>Hauptlehrer Waggershauser<\/td>\n<\/tr>\n<tr>\n<td>1930 &#8211; 1936<\/td>\n<td>Herr Moll<\/td>\n<\/tr>\n<tr>\n<td>1936 &#8211; 1939<\/td>\n<td>Josef Kiemel<\/td>\n<\/tr>\n<tr>\n<td>1939 &#8211; 1949<\/td>\n<td>Regula Reichle<\/td>\n<\/tr>\n<tr>\n<td>1949 &#8211; 1958<\/td>\n<td>Josef Weishaupt<\/td>\n<\/tr>\n<tr>\n<td>1958 &#8211; 1960<\/td>\n<td>Regula Reichle<\/td>\n<\/tr>\n<tr>\n<td>1960 &#8211; 1962<\/td>\n<td>Lehrer Finkbeiner<\/td>\n<\/tr>\n<tr>\n<td>1962 &#8211; 31.12.1985<\/td>\n<td>Regula Reichle<\/td>\n<\/tr>\n<tr>\n<td>seit 01.01.1986<\/td>\n<td>Roman Schnetz<\/td>\n<\/tr>\n<\/tbody>\n<\/table>\n","protected":false},"excerpt":{"rendered":"<p>Der Kirchenchor Zogenweiler wird im Jahre 1832 zum ersten mal schriftlich erw\u00e4hnt. Unter der Leitung von Lehrer Heber (1907 &#8211; 1919) sind folgende S\u00e4nger erstmalig aufgef\u00fchrt: Konrad Dreher, Anton Bucher, Josef Bertel, Wendelin Walser, Kirchenpfleger Reis, Richard Geng, Johannes Allgaier, Theresia Hegner, Luise Bucher, Elisabeth Krug, Maria F\u00e4\u00dfler, Marie Ries, Marie Bucher, Kreszens Wiggenhauser, Rosa &hellip;<\/p>\n<p class=\"read-more\"> <a class=\"\" href=\"https:\/\/kichor-zogenweiler.de\/?page_id=13\"> <span class=\"screen-reader-text\">Geschichte<\/span> Weiterlesen &raquo;<\/a><\/p>\n","protected":false},"author":1,"featured_media":0,"parent":9,"menu_order":1,"comment_status":"closed","ping_status":"closed","template":"template-full-width.php","meta":{"site-sidebar-layout":"default","site-content-layout":"default","ast-global-header-display":"","ast-main-header-display":"","ast-hfb-above-header-display":"","ast-hfb-below-header-display":"","ast-hfb-mobile-header-display":"","site-post-title":"","ast-breadcrumbs-content":"","ast-featured-img":"","footer-sml-layout":"","theme-transparent-header-meta":"","adv-header-id-meta":"","stick-header-meta":"","header-above-stick-meta":"","header-main-stick-meta":"","header-below-stick-meta":"","ngg_post_thumbnail":0,"footnotes":""},"class_list":["post-13","page","type-page","status-publish","hentry"],"_links":{"self":[{"href":"https:\/\/kichor-zogenweiler.de\/index.php?rest_route=\/wp\/v2\/pages\/13"}],"collection":[{"href":"https:\/\/kichor-zogenweiler.de\/index.php?rest_route=\/wp\/v2\/pages"}],"about":[{"href":"https:\/\/kichor-zogenweiler.de\/index.php?rest_route=\/wp\/v2\/types\/page"}],"author":[{"embeddable":true,"href":"https:\/\/kichor-zogenweiler.de\/index.php?rest_route=\/wp\/v2\/users\/1"}],"replies":[{"embeddable":true,"href":"https:\/\/kichor-zogenweiler.de\/index.php?rest_route=%2Fwp%2Fv2%2Fcomments&post=13"}],"version-history":[{"count":1,"href":"https:\/\/kichor-zogenweiler.de\/index.php?rest_route=\/wp\/v2\/pages\/13\/revisions"}],"predecessor-version":[{"id":508,"href":"https:\/\/kichor-zogenweiler.de\/index.php?rest_route=\/wp\/v2\/pages\/13\/revisions\/508"}],"up":[{"embeddable":true,"href":"https:\/\/kichor-zogenweiler.de\/index.php?rest_route=\/wp\/v2\/pages\/9"}],"wp:attachment":[{"href":"https:\/\/kichor-zogenweiler.de\/index.php?rest_route=%2Fwp%2Fv2%2Fmedia&parent=13"}],"curies":[{"name":"wp","href":"https:\/\/api.w.org\/{rel}","templated":true}]}}