{"id":9,"date":"2013-03-02T20:48:55","date_gmt":"2013-03-02T20:48:55","guid":{"rendered":"http:\/\/neu.kichor-zogenweiler.de\/?page_id=9"},"modified":"2016-06-05T20:22:15","modified_gmt":"2016-06-05T19:22:15","slug":"kirchenchor-zogenweiler","status":"publish","type":"page","link":"https:\/\/kichor-zogenweiler.de\/?page_id=9","title":{"rendered":"Kirchenchor Zogenweiler"},"content":{"rendered":"<p>Derzeit z\u00e4hlt der Chor unter der Leitung von Roman Schnetz insgesamt 25 Mitglieder, davon 13 Frauen, 12 M\u00e4nner und ein Dirigent. Gesungen wird bei zahlreichen kirchlichen Festen, aber auch weltliches Liedgut f\u00fcr Geburtstage, das Theater-Caf\u00e9 oder sonstige Feste hat einen festen Platz im Ordner. Neben einem j\u00e4hrlichen Ausflug, manchmal 2-t\u00e4gig, kommen Wandertage und Grillfeste nat\u00fcrlich auch nicht zu kurz.<\/p>\nngg_shortcode_0_placeholder\n","protected":false},"excerpt":{"rendered":"<p>Derzeit z\u00e4hlt der Chor unter der Leitung von Roman Schnetz insgesamt 25 Mitglieder, davon 13 Frauen, 12 M\u00e4nner und ein Dirigent. Gesungen wird bei zahlreichen kirchlichen Festen, aber auch weltliches Liedgut f\u00fcr Geburtstage, das Theater-Caf\u00e9 oder sonstige Feste hat einen festen Platz im Ordner. Neben einem j\u00e4hrlichen Ausflug, manchmal 2-t\u00e4gig, kommen Wandertage und Grillfeste nat\u00fcrlich &hellip;<\/p>\n<p class=\"read-more\"> <a class=\"\" href=\"https:\/\/kichor-zogenweiler.de\/?page_id=9\"> <span class=\"screen-reader-text\">Kirchenchor Zogenweiler<\/span> Weiterlesen &raquo;<\/a><\/p>\n","protected":false},"author":1,"featured_media":0,"parent":0,"menu_order":1,"comment_status":"closed","ping_status":"open","template":"template-sidebar-content-sidebar.php","meta":{"site-sidebar-layout":"default","site-content-layout":"default","ast-global-header-display":"","ast-main-header-display":"","ast-hfb-above-header-display":"","ast-hfb-below-header-display":"","ast-hfb-mobile-header-display":"","site-post-title":"","ast-breadcrumbs-content":"","ast-featured-img":"","footer-sml-layout":"","theme-transparent-header-meta":"","adv-header-id-meta":"","stick-header-meta":"","header-above-stick-meta":"","header-main-stick-meta":"","header-below-stick-meta":"","ngg_post_thumbnail":0,"footnotes":""},"class_list":["post-9","page","type-page","status-publish","hentry"],"_links":{"self":[{"href":"https:\/\/kichor-zogenweiler.de\/index.php?rest_route=\/wp\/v2\/pages\/9"}],"collection":[{"href":"https:\/\/kichor-zogenweiler.de\/index.php?rest_route=\/wp\/v2\/pages"}],"about":[{"href":"https:\/\/kichor-zogenweiler.de\/index.php?rest_route=\/wp\/v2\/types\/page"}],"author":[{"embeddable":true,"href":"https:\/\/kichor-zogenweiler.de\/index.php?rest_route=\/wp\/v2\/users\/1"}],"replies":[{"embeddable":true,"href":"https:\/\/kichor-zogenweiler.de\/index.php?rest_route=%2Fwp%2Fv2%2Fcomments&post=9"}],"version-history":[{"count":10,"href":"https:\/\/kichor-zogenweiler.de\/index.php?rest_route=\/wp\/v2\/pages\/9\/revisions"}],"predecessor-version":[{"id":761,"href":"https:\/\/kichor-zogenweiler.de\/index.php?rest_route=\/wp\/v2\/pages\/9\/revisions\/761"}],"wp:attachment":[{"href":"https:\/\/kichor-zogenweiler.de\/index.php?rest_route=%2Fwp%2Fv2%2Fmedia&parent=9"}],"curies":[{"name":"wp","href":"https:\/\/api.w.org\/{rel}","templated":true}]}}